{"id":680,"date":"2025-04-17T12:44:15","date_gmt":"2025-04-17T09:44:15","guid":{"rendered":"https:\/\/massaaziliit.ee\/%d1%83%d1%81%d1%82%d0%b0%d0%b2\/"},"modified":"2025-06-09T10:33:37","modified_gmt":"2025-06-09T07:33:37","slug":"pohikiri","status":"publish","type":"page","link":"https:\/\/massaaziliit.ee\/ru\/pohikiri\/","title":{"rendered":"\u0423\u0441\u0442\u0430\u0432"},"content":{"rendered":"\n<p><strong>1. \u00dclds\u00e4tted<\/strong><\/p>\n\n<p>1.1. Mittetulundus\u00fching Eesti Mass\u00f6\u00f6ride Liit (edaspidi: EML) on vabatahtlikkuse alusel \u00fchinenud massaa\u017ei valdkonnas tegutsevate f\u00fc\u00fcsiliste ja juriidiliste isikute iseseisev kasumit mitte taotlev organisatsioon.<\/p>\n\n<p>1.2. EML-i asukohaks on Tallinn, Eesti Vabariik.<\/p>\n\n<p><strong>2. EML-i liikmeks vastuv\u00f5tmise ning EML-ist v\u00e4ljaastumise ning v\u00e4ljaarvamise tingimused ja kord<\/strong><\/p>\n\n<p>2.1. EML-i liikmeks vastuv\u00f5tmist v\u00f5ib taotleda iga massaa\u017ei valdkonnas tegutsev juriidiline v\u00f5i f\u00fc\u00fcsiline isik, kes soovib arendada EML-i eesm\u00e4rkidega koosk\u00f5las olevat tegevust.<\/p>\n\n<p>2.2. EML-i liikmeks vastuv\u00f5tmise otsustab EML-i juhatus liikmeks vastuv\u00f5tmist taotleva isiku kirjaliku avalduse alusel.<\/p>\n\n<p>2.3. EML-ist v\u00e4ljaastumiseks esitab liige juhatusele kirjaliku avalduse.<\/p>\n\n<p>2.4. EML-i liikme v\u00f5ib EML-ist v\u00e4lja arvata juhatuse otsusega, kui:<\/p>\n\n<p>a) EML-i liige ei ole majandusaasta l\u00f5puks tasunud EML-i liikmemaksu;<\/p>\n\n<p>b) ei ole viimase kolme aasta jooksul osalenud EML-i \u00fcldkoosolekul v\u00f5i EML-i poolt korraldatud \u00fcritusel;<\/p>\n\n<p>c) astub EML-iga samalaadset tegevust arendava mittetulundus\u00fchingu liikmeks;<\/p>\n\n<p>d) paneb toime EMLi p\u00f5hikirja rikkumise v\u00f5i kahjustab EML-i mainet.<\/p>\n\n<p>2.5. EML-i liikme v\u00e4ljaarvamise otsustab EML-i juhatus oma koosolekul. Liikme v\u00e4ljaarvamise otsus on langetatud, kui selle poolt on enamus juhatuse liikmetest. <\/p>\n\n<p><strong>3. Liikmete \u00f5igused ja kohustused<\/strong><\/p>\n\n<p>3.1. EML-i liikmetel on \u00f5igus:<\/p>\n\n<p>a) osaleda h\u00e4\u00e4le\u00f5igusega EML-i \u00fcldkoosolekul;<\/p>\n\n<p>b) olla valitud EML-i esindus-, t\u00f6\u00f6- ning juhtorganite liikmeks;<\/p>\n\n<p>c) saada EML-i juhatuselt ja muudelt organitelt teavet EML-i tegevuse kohta.<\/p>\n\n<p>3.2. EML-i liige on kohustatud:<\/p>\n\n<p>a) j\u00e4rgima p\u00f5hikirja ja EML-i juhtorganite otsuseid;<\/p>\n\n<p>b) tasuma m\u00e4\u00e4ratud liikmeks astumise maksu ja liikmemaksu vastavalt juhatuse kehtestatud korrale;<\/p>\n\n<p>c) tasuma EML-i liikmemaksu jooksva aasta eest ka siis, kui ta liikmelisus l\u00f5peb aasta kestel;<\/p>\n\n<p>d) teatama EML-i juhatusele EML-i liikmete arvestuse pidamiseks oma kehtivad kontaktandmed;<\/p>\n\n<p><strong>4. \u00dcldkoosolek<\/strong><\/p>\n\n<p>4.1. EMLi k\u00f5rgeimaks organiks on EML-i \u00fcldkoosolek, millel iga EML-i liikmel on \u00fcks h\u00e4\u00e4l.<\/p>\n\n<p>4.2. EML-i \u00fcldkoosoleku p\u00e4devuses on:<\/p>\n\n<p>a) p\u00f5hikirja muutmine;<\/p>\n\n<p>b) juhatuse liikmete m\u00e4\u00e4ramine ja tagasikutsumine;<\/p>\n\n<p>d) juhatuse v\u00f5i muu p\u00f5hikirjaga etten\u00e4htud organi liikmega tehingu tegemise otsustamine,<\/p>\n\n<p>tehingu tingimuste m\u00e4\u00e4ramine. See ei kehti tehingu kohta, mis tehakse EML-i igap\u00e4evases <\/p>\n\n<p>majandustegevuses kauba v\u00f5i teenuse turuhinna alusel;<\/p>\n\n<p>e) \u00f5igusvaidluse pidamise otsustamine ning selles tehingus v\u00f5i vaidluses EML-i esindaja m\u00e4\u00e4ramine;<\/p>\n\n<p>f) majandusaasta aruande kinnitamine;<\/p>\n\n<p>g) EML-i l\u00f5petamise, \u00fchinemise ja jagunemise otsustamine;<\/p>\n\n<p>4.3. EML-i \u00fcldkoosoleku kutsub kokku juhatus v\u00e4hemalt korra aastas:<\/p>\n\n<p>a) aastaaruande kinnitamiseks<\/p>\n\n<p>b) seaduses m\u00e4\u00e4ratud ja muudel juhtudel, kui EML-i huvid seda n\u00f5uavad.<\/p>\n\n<p>4.4. \u00dcldkoosoleku kokkukutsumiseks avaldab EML-i juhatus v\u00e4hemalt seitse p\u00e4eva enne<\/p>\n\n<p>\u00fcldkoosoleku toimumist teate, n\u00e4idates \u00e4ra \u00fcldkoosoleku toimumise aja, koha ja p\u00e4evakorra v\u00f5i<\/p>\n\n<p>saadab igale EML-i liikmele kaks n\u00e4dalat enne \u00fcldkoosoleku toimumist samasisulise kirjaliku teate.<\/p>\n\n<p>4.5. \u00dcldkoosolekut saab vajadusel l\u00e4bi viia ka elektrooniliselt ja k\u00f5igil EML-i liikmetel on \u00f5igus h\u00e4\u00e4letada elektrooniliselt.<\/p>\n\n<p>4.6.\u00dcldkoosoleku otsus on vastu v\u00f5etud, kui selle poolt on \u00fcle poole koosolekul osalenud EML-i liikmetest v\u00f5i nende esindajatest.<\/p>\n\n<p><strong>5. Juhatus<\/strong><\/p>\n\n<p>5.1. EMLi tegevust juhib ja seda esindab juhatus, milles on 1-5 liiget.<\/p>\n\n<p>5.2. Juhatus otsustab k\u00fcsimused, mis ei kuulu \u00fcldkoosoleku ainup\u00e4devusse.<\/p>\n\n<p>5.3. Juhatuse liikmed m\u00e4\u00e4rab \u00fcldkoosolek v\u00f5i volinike koosolek ametisse kuni viieks aastaks.<\/p>\n\n<p>5.4. Juhatus v\u00f5ib vastu v\u00f5tta otsuseid, kui selle koosolekul osaleb \u00fcle poole juhatuse liikmetest.<\/p>\n\n<p>5.5. Juhatuse otsuse langetamiseks on vajalik koosolekust osa v\u00f5tvate juhatuse liikmete poolth\u00e4\u00e4lteenamus.<\/p>\n\n<p>5.6. Juhatus v\u00f5ib iseseisvalt EML-i kinnisasju v\u00f5i registrisse kantud vallasasju v\u00f5\u00f5randada v\u00f5i asja\u00f5igusega koormata.<\/p>\n\n<p>5.7. Juhatuse p\u00e4devuses on m\u00e4\u00e4rata liikmeks astumise eelduseid ja liikmestaatust s\u00f5ltuvalt sellest, kas liige omab kutsetunnistust v\u00f5i sellev\u00e4\u00e4rset kutseoskuseid t\u00f5endavat dokumenti.<\/p>\n\n<p>5.8. Juhatus valib juhatuse esimehe ja aseesimehe<\/p>\n\n<p><strong>6. \u00dchinemine, jagunemine, likvideerimine.<\/strong><\/p>\n\n<p>6.1. EML-i \u00fchinemine, jagunemine ja likvideerimine toimuvad seaduses s\u00e4testatud korras.<\/p>\n\n<p>6.2. EML-i likvideerijateks on juhatuse liikmed v\u00f5i \u00fcldkoosoleku poolt m\u00e4\u00e4ratud isikud.<\/p>\n\n<p>6.3. EML-i likvideerimisel antakse p\u00e4rast v\u00f5lausaldajate n\u00f5uete rahuldamist allesj\u00e4\u00e4nud vara sarnase eesm\u00e4rgiga mittetulundus\u00fchingule, sihtasutusele v\u00f5i avalik-\u00f5iguslikule juriidilisele isikule.<\/p>\n","protected":false},"excerpt":{"rendered":"<p>1. \u00dclds\u00e4tted 1.1. Mittetulundus\u00fching Eesti Mass\u00f6\u00f6ride Liit (edaspidi: EML) on vabatahtlikkuse alusel \u00fchinenud massaa\u017ei valdkonnas tegutsevate f\u00fc\u00fcsiliste ja juriidiliste isikute iseseisev kasumit mitte taotlev organisatsioon. 1.2. EML-i asukohaks on Tallinn, Eesti Vabariik. 2. EML-i liikmeks vastuv\u00f5tmise ning EML-ist v\u00e4ljaastumise ning v\u00e4ljaarvamise tingimused ja kord 2.1. EML-i liikmeks vastuv\u00f5tmist v\u00f5ib taotleda iga massaa\u017ei valdkonnas tegutsev juriidiline [&hellip;]<\/p>\n","protected":false},"author":1,"featured_media":0,"parent":0,"menu_order":0,"comment_status":"closed","ping_status":"closed","template":"","meta":{"_acf_changed":false,"_et_pb_use_builder":"off","_et_pb_old_content":"","_et_gb_content_width":"","footnotes":""},"class_list":["post-680","page","type-page","status-publish","hentry"],"acf":[],"yoast_head":"<!-- This site is optimized with the Yoast SEO plugin v27.3 - https:\/\/yoast.com\/product\/yoast-seo-wordpress\/ -->\n<title>\u0423\u0441\u0442\u0430\u0432 - Eesti Mass\u00f6\u00f6ride Liit<\/title>\n<meta name=\"robots\" content=\"index, follow, max-snippet:-1, max-image-preview:large, max-video-preview:-1\" \/>\n<link rel=\"canonical\" href=\"https:\/\/massaaziliit.ee\/ru\/pohikiri\/\" \/>\n<meta property=\"og:locale\" content=\"ru_RU\" \/>\n<meta property=\"og:type\" content=\"article\" \/>\n<meta property=\"og:title\" content=\"\u0423\u0441\u0442\u0430\u0432 - Eesti Mass\u00f6\u00f6ride Liit\" \/>\n<meta property=\"og:description\" content=\"1. \u00dclds\u00e4tted 1.1. Mittetulundus\u00fching Eesti Mass\u00f6\u00f6ride Liit (edaspidi: EML) on vabatahtlikkuse alusel \u00fchinenud massaa\u017ei valdkonnas tegutsevate f\u00fc\u00fcsiliste ja juriidiliste isikute iseseisev kasumit mitte taotlev organisatsioon. 1.2. EML-i asukohaks on Tallinn, Eesti Vabariik. 2. EML-i liikmeks vastuv\u00f5tmise ning EML-ist v\u00e4ljaastumise ning v\u00e4ljaarvamise tingimused ja kord 2.1. EML-i liikmeks vastuv\u00f5tmist v\u00f5ib taotleda iga massaa\u017ei valdkonnas tegutsev juriidiline [&hellip;]\" \/>\n<meta property=\"og:url\" content=\"https:\/\/massaaziliit.ee\/ru\/pohikiri\/\" \/>\n<meta property=\"og:site_name\" content=\"Eesti Mass\u00f6\u00f6ride Liit\" \/>\n<meta property=\"article:publisher\" content=\"https:\/\/www.facebook.com\/massaaziliit\" \/>\n<meta property=\"article:modified_time\" content=\"2025-06-09T07:33:37+00:00\" \/>\n<meta name=\"twitter:card\" content=\"summary_large_image\" \/>\n<meta name=\"twitter:label1\" content=\"\u041f\u0440\u0438\u043c\u0435\u0440\u043d\u043e\u0435 \u0432\u0440\u0435\u043c\u044f \u0434\u043b\u044f \u0447\u0442\u0435\u043d\u0438\u044f\" \/>\n\t<meta name=\"twitter:data1\" content=\"3 \u043c\u0438\u043d\u0443\u0442\u044b\" \/>\n<script type=\"application\/ld+json\" class=\"yoast-schema-graph\">{\"@context\":\"https:\\\/\\\/schema.org\",\"@graph\":[{\"@type\":\"WebPage\",\"@id\":\"https:\\\/\\\/massaaziliit.ee\\\/ru\\\/pohikiri\\\/\",\"url\":\"https:\\\/\\\/massaaziliit.ee\\\/ru\\\/pohikiri\\\/\",\"name\":\"\u0423\u0441\u0442\u0430\u0432 - Eesti Mass\u00f6\u00f6ride Liit\",\"isPartOf\":{\"@id\":\"https:\\\/\\\/massaaziliit.ee\\\/ru\\\/#website\"},\"datePublished\":\"2025-04-17T09:44:15+00:00\",\"dateModified\":\"2025-06-09T07:33:37+00:00\",\"breadcrumb\":{\"@id\":\"https:\\\/\\\/massaaziliit.ee\\\/ru\\\/pohikiri\\\/#breadcrumb\"},\"inLanguage\":\"ru-RU\",\"potentialAction\":[{\"@type\":\"ReadAction\",\"target\":[\"https:\\\/\\\/massaaziliit.ee\\\/ru\\\/pohikiri\\\/\"]}]},{\"@type\":\"BreadcrumbList\",\"@id\":\"https:\\\/\\\/massaaziliit.ee\\\/ru\\\/pohikiri\\\/#breadcrumb\",\"itemListElement\":[{\"@type\":\"ListItem\",\"position\":1,\"name\":\"Home\",\"item\":\"https:\\\/\\\/massaaziliit.ee\\\/ru\\\/\"},{\"@type\":\"ListItem\",\"position\":2,\"name\":\"\u0423\u0441\u0442\u0430\u0432\"}]},{\"@type\":\"WebSite\",\"@id\":\"https:\\\/\\\/massaaziliit.ee\\\/ru\\\/#website\",\"url\":\"https:\\\/\\\/massaaziliit.ee\\\/ru\\\/\",\"name\":\"Eesti Mass\u00f6\u00f6ride Liit\",\"description\":\"\",\"publisher\":{\"@id\":\"https:\\\/\\\/massaaziliit.ee\\\/ru\\\/#organization\"},\"potentialAction\":[{\"@type\":\"SearchAction\",\"target\":{\"@type\":\"EntryPoint\",\"urlTemplate\":\"https:\\\/\\\/massaaziliit.ee\\\/ru\\\/?s={search_term_string}\"},\"query-input\":{\"@type\":\"PropertyValueSpecification\",\"valueRequired\":true,\"valueName\":\"search_term_string\"}}],\"inLanguage\":\"ru-RU\"},{\"@type\":\"Organization\",\"@id\":\"https:\\\/\\\/massaaziliit.ee\\\/ru\\\/#organization\",\"name\":\"Eesti Mass\u00f6\u00f6ride Liit\",\"url\":\"https:\\\/\\\/massaaziliit.ee\\\/ru\\\/\",\"logo\":{\"@type\":\"ImageObject\",\"inLanguage\":\"ru-RU\",\"@id\":\"https:\\\/\\\/massaaziliit.ee\\\/ru\\\/#\\\/schema\\\/logo\\\/image\\\/\",\"url\":\"https:\\\/\\\/massaaziliit.ee\\\/wp-content\\\/uploads\\\/2025\\\/05\\\/massaaziliit-logo-250530.png\",\"contentUrl\":\"https:\\\/\\\/massaaziliit.ee\\\/wp-content\\\/uploads\\\/2025\\\/05\\\/massaaziliit-logo-250530.png\",\"width\":1920,\"height\":732,\"caption\":\"Eesti Mass\u00f6\u00f6ride Liit\"},\"image\":{\"@id\":\"https:\\\/\\\/massaaziliit.ee\\\/ru\\\/#\\\/schema\\\/logo\\\/image\\\/\"},\"sameAs\":[\"https:\\\/\\\/www.facebook.com\\\/massaaziliit\"]}]}<\/script>\n<!-- \/ Yoast SEO plugin. -->","yoast_head_json":{"title":"\u0423\u0441\u0442\u0430\u0432 - Eesti Mass\u00f6\u00f6ride Liit","robots":{"index":"index","follow":"follow","max-snippet":"max-snippet:-1","max-image-preview":"max-image-preview:large","max-video-preview":"max-video-preview:-1"},"canonical":"https:\/\/massaaziliit.ee\/ru\/pohikiri\/","og_locale":"ru_RU","og_type":"article","og_title":"\u0423\u0441\u0442\u0430\u0432 - Eesti Mass\u00f6\u00f6ride Liit","og_description":"1. \u00dclds\u00e4tted 1.1. Mittetulundus\u00fching Eesti Mass\u00f6\u00f6ride Liit (edaspidi: EML) on vabatahtlikkuse alusel \u00fchinenud massaa\u017ei valdkonnas tegutsevate f\u00fc\u00fcsiliste ja juriidiliste isikute iseseisev kasumit mitte taotlev organisatsioon. 1.2. EML-i asukohaks on Tallinn, Eesti Vabariik. 2. EML-i liikmeks vastuv\u00f5tmise ning EML-ist v\u00e4ljaastumise ning v\u00e4ljaarvamise tingimused ja kord 2.1. EML-i liikmeks vastuv\u00f5tmist v\u00f5ib taotleda iga massaa\u017ei valdkonnas tegutsev juriidiline [&hellip;]","og_url":"https:\/\/massaaziliit.ee\/ru\/pohikiri\/","og_site_name":"Eesti Mass\u00f6\u00f6ride Liit","article_publisher":"https:\/\/www.facebook.com\/massaaziliit","article_modified_time":"2025-06-09T07:33:37+00:00","twitter_card":"summary_large_image","twitter_misc":{"\u041f\u0440\u0438\u043c\u0435\u0440\u043d\u043e\u0435 \u0432\u0440\u0435\u043c\u044f \u0434\u043b\u044f \u0447\u0442\u0435\u043d\u0438\u044f":"3 \u043c\u0438\u043d\u0443\u0442\u044b"},"schema":{"@context":"https:\/\/schema.org","@graph":[{"@type":"WebPage","@id":"https:\/\/massaaziliit.ee\/ru\/pohikiri\/","url":"https:\/\/massaaziliit.ee\/ru\/pohikiri\/","name":"\u0423\u0441\u0442\u0430\u0432 - Eesti Mass\u00f6\u00f6ride Liit","isPartOf":{"@id":"https:\/\/massaaziliit.ee\/ru\/#website"},"datePublished":"2025-04-17T09:44:15+00:00","dateModified":"2025-06-09T07:33:37+00:00","breadcrumb":{"@id":"https:\/\/massaaziliit.ee\/ru\/pohikiri\/#breadcrumb"},"inLanguage":"ru-RU","potentialAction":[{"@type":"ReadAction","target":["https:\/\/massaaziliit.ee\/ru\/pohikiri\/"]}]},{"@type":"BreadcrumbList","@id":"https:\/\/massaaziliit.ee\/ru\/pohikiri\/#breadcrumb","itemListElement":[{"@type":"ListItem","position":1,"name":"Home","item":"https:\/\/massaaziliit.ee\/ru\/"},{"@type":"ListItem","position":2,"name":"\u0423\u0441\u0442\u0430\u0432"}]},{"@type":"WebSite","@id":"https:\/\/massaaziliit.ee\/ru\/#website","url":"https:\/\/massaaziliit.ee\/ru\/","name":"Eesti Mass\u00f6\u00f6ride Liit","description":"","publisher":{"@id":"https:\/\/massaaziliit.ee\/ru\/#organization"},"potentialAction":[{"@type":"SearchAction","target":{"@type":"EntryPoint","urlTemplate":"https:\/\/massaaziliit.ee\/ru\/?s={search_term_string}"},"query-input":{"@type":"PropertyValueSpecification","valueRequired":true,"valueName":"search_term_string"}}],"inLanguage":"ru-RU"},{"@type":"Organization","@id":"https:\/\/massaaziliit.ee\/ru\/#organization","name":"Eesti Mass\u00f6\u00f6ride Liit","url":"https:\/\/massaaziliit.ee\/ru\/","logo":{"@type":"ImageObject","inLanguage":"ru-RU","@id":"https:\/\/massaaziliit.ee\/ru\/#\/schema\/logo\/image\/","url":"https:\/\/massaaziliit.ee\/wp-content\/uploads\/2025\/05\/massaaziliit-logo-250530.png","contentUrl":"https:\/\/massaaziliit.ee\/wp-content\/uploads\/2025\/05\/massaaziliit-logo-250530.png","width":1920,"height":732,"caption":"Eesti Mass\u00f6\u00f6ride Liit"},"image":{"@id":"https:\/\/massaaziliit.ee\/ru\/#\/schema\/logo\/image\/"},"sameAs":["https:\/\/www.facebook.com\/massaaziliit"]}]}},"_links":{"self":[{"href":"https:\/\/massaaziliit.ee\/ru\/wp-json\/wp\/v2\/pages\/680","targetHints":{"allow":["GET"]}}],"collection":[{"href":"https:\/\/massaaziliit.ee\/ru\/wp-json\/wp\/v2\/pages"}],"about":[{"href":"https:\/\/massaaziliit.ee\/ru\/wp-json\/wp\/v2\/types\/page"}],"author":[{"embeddable":true,"href":"https:\/\/massaaziliit.ee\/ru\/wp-json\/wp\/v2\/users\/1"}],"replies":[{"embeddable":true,"href":"https:\/\/massaaziliit.ee\/ru\/wp-json\/wp\/v2\/comments?post=680"}],"version-history":[{"count":1,"href":"https:\/\/massaaziliit.ee\/ru\/wp-json\/wp\/v2\/pages\/680\/revisions"}],"predecessor-version":[{"id":681,"href":"https:\/\/massaaziliit.ee\/ru\/wp-json\/wp\/v2\/pages\/680\/revisions\/681"}],"wp:attachment":[{"href":"https:\/\/massaaziliit.ee\/ru\/wp-json\/wp\/v2\/media?parent=680"}],"curies":[{"name":"wp","href":"https:\/\/api.w.org\/{rel}","templated":true}]}}